{"id":10287,"date":"2024-10-17T13:02:18","date_gmt":"2024-10-17T11:02:18","guid":{"rendered":"https:\/\/enricregull.com\/enric-regull\/"},"modified":"2025-12-24T10:08:57","modified_gmt":"2025-12-24T09:08:57","slug":"enric-regull","status":"publish","type":"page","link":"https:\/\/enricregull.com\/en\/enric-regull\/","title":{"rendered":"Enric Regull"},"content":{"rendered":"<p>[et_pb_section fb_built=&#8221;1&#8243; fullwidth=&#8221;on&#8221; admin_label=&#8221;Section&#8221; _builder_version=&#8221;4.27.2&#8243; _module_preset=&#8221;default&#8221; global_colors_info=&#8221;{}&#8221;][et_pb_fullwidth_header title=&#8221;A Modern Grapevine Nursery&#8221; subhead=&#8221;Enric Regull Today:&#8221; background_overlay_color=&#8221;RGBA(255,255,255,0)&#8221; admin_label=&#8221;Fullwidth Header&#8221; _builder_version=&#8221;4.27.4&#8243; _module_preset=&#8221;6f866e43-9394-433d-b7ee-0a78f6cd77c0&#8243; use_background_color_gradient=&#8221;off&#8221; background_enable_image=&#8221;off&#8221; background_video_mp4=&#8221;https:\/\/enricregull.com\/wp-content\/uploads\/2025\/01\/enric-regull-720HD.mp4&#8243; background_enable_video_webm=&#8221;off&#8221; background_video_pause_outside_viewport=&#8221;off&#8221; custom_css_free_form=&#8221;selector {||  display:flex;||}||selector .et_pb_fullwidth_header_overlay {||  background-image:linear-gradient(180deg,rgba(20,30,103,0.30) 1%,rgba(20,30,103,0) 27%,rgba(20,30,103,0.30) 63%,rgba(20,30,103,0.50) 1000%)||}&#8221; global_colors_info=&#8221;{}&#8221;][\/et_pb_fullwidth_header][et_pb_fullwidth_code disabled_on=&#8221;on|on|on&#8221; admin_label=&#8221;Fullwidth Code&#8221; _builder_version=&#8221;4.27.4&#8243; _module_preset=&#8221;default&#8221; disabled=&#8221;on&#8221; global_colors_info=&#8221;{}&#8221;]    <div id=\"video-container\"><\/div>\r\n    <script>\r\n        waitForElm('.mejs-video').then((elm) => {\r\n            let mepContainer = document.querySelector('.mejs-video');\r\n            let videoContainer = document.getElementById('video-container');\r\n            mepContainer.appendChild(videoContainer);\r\n            let iframe = document.createElement('iframe');\r\n            iframe.src = \"https:\/\/www.youtube.com\/embed\/tG3DPZSpmWU?rel=0&modestbranding=1&controls=0&iv_load_policy=3&fs=0&autoplay=1&loop=1&playlist=tG3DPZSpmWU&mute=1&start=15&end=38&vq=hd1080\";\r\n            iframe.width = \"1920\";\r\n            iframe.height = \"1080\";\r\n            iframe.setAttribute('frameborder', '0');\r\n            iframe.setAttribute('allow', 'autoplay; encrypted-media');\r\n            iframe.setAttribute('allowfullscreen', '');\r\n            videoContainer.appendChild(iframe);\r\n            document.querySelector('.mejs-video .mejs-inner').style.display = \"none\";\r\n        });\r\n\r\n        function waitForElm(selector) {\r\n            return new Promise(resolve => {\r\n                if (document.querySelector(selector)) {\r\n                    return resolve(document.querySelector(selector));\r\n                }\r\n                const observer = new MutationObserver(mutations => {\r\n                    if (document.querySelector(selector)) {\r\n                        observer.disconnect();\r\n                        resolve(document.querySelector(selector));\r\n                    }\r\n                });\r\n                observer.observe(document.body, {\r\n                    childList: true,\r\n                    subtree: true\r\n                });\r\n            });\r\n        }\r\n    <\/script>\r\n    [\/et_pb_fullwidth_code][\/et_pb_section][et_pb_section fb_built=&#8221;1&#8243; admin_label=&#8221;Section&#8221; _builder_version=&#8221;4.27.2&#8243; _module_preset=&#8221;default&#8221; background_color=&#8221;#DEE0EF&#8221; global_colors_info=&#8221;{}&#8221;][et_pb_row _builder_version=&#8221;4.27.2&#8243; _module_preset=&#8221;default&#8221; custom_padding=&#8221;||0px||false|false&#8221; global_colors_info=&#8221;{}&#8221;][et_pb_column type=&#8221;4_4&#8243; _builder_version=&#8221;4.27.2&#8243; _module_preset=&#8221;default&#8221; global_colors_info=&#8221;{}&#8221;][et_pb_cta title=&#8221;Centre vit\u00edcola del Pened\u00e8s, Casa Jaume Sabat\u00e9&#8221; _builder_version=&#8221;4.27.4&#8243; _module_preset=&#8221;default&#8221; global_colors_info=&#8221;{}&#8221;][\/et_pb_cta][\/et_pb_column][\/et_pb_row][et_pb_row column_structure=&#8221;1_2,1_2&#8243; _builder_version=&#8221;4.27.2&#8243; _module_preset=&#8221;default&#8221; custom_padding=&#8221;0px||||false|false&#8221; global_colors_info=&#8221;{}&#8221;][et_pb_column type=&#8221;1_2&#8243; _builder_version=&#8221;4.27.2&#8243; _module_preset=&#8221;default&#8221; global_colors_info=&#8221;{}&#8221;][et_pb_text _builder_version=&#8221;4.27.3&#8243; _module_preset=&#8221;default&#8221; global_colors_info=&#8221;{}&#8221;]<\/p>\n<p>At Enric Regull, we are constantly evolving to continue offering <strong>top-quality grapevines<\/strong>. Our philosophy is based on <strong>innovation<\/strong>, <strong>customer proximity<\/strong>, and <strong>continuous improvement<\/strong> of our processes. With the Viticulture Center of Pened\u00e8s as a reference, we ensure sustainable production with a special focus on the <strong>traceability<\/strong> and <strong>health of plant material<\/strong>.<\/p>\n<p>[\/et_pb_text][\/et_pb_column][et_pb_column type=&#8221;1_2&#8243; _builder_version=&#8221;4.27.2&#8243; _module_preset=&#8221;default&#8221; global_colors_info=&#8221;{}&#8221;][et_pb_text _builder_version=&#8221;4.27.3&#8243; _module_preset=&#8221;default&#8221; global_colors_info=&#8221;{}&#8221;]<\/p>\n<p>Currently, we graft over <strong>2 million grapevines annually<\/strong>, thanks to our infrastructure, which includes facilities in Catalonia and Extremadura. We offer a <strong>wide range of certified varieties and rootstocks<\/strong> to provide the best options for every winegrower and ensure the success of their plantations. Our priority is to deliver quality products with personalized service, offering technical advice throughout the selection, planting, and vineyard management process.<\/p>\n<p>[\/et_pb_text][\/et_pb_column][\/et_pb_row][\/et_pb_section][et_pb_section fb_built=&#8221;1&#8243; admin_label=&#8221;Section&#8221; _builder_version=&#8221;4.27.2&#8243; _module_preset=&#8221;default&#8221; global_colors_info=&#8221;{}&#8221;][et_pb_row column_structure=&#8221;1_2,1_2&#8243; _builder_version=&#8221;4.27.3&#8243; _module_preset=&#8221;default&#8221; custom_padding=&#8221;||5px||false|false&#8221; global_colors_info=&#8221;{}&#8221;][et_pb_column type=&#8221;1_2&#8243; _builder_version=&#8221;4.27.2&#8243; _module_preset=&#8221;default&#8221; global_colors_info=&#8221;{}&#8221;][et_pb_cta title=&#8221;Our History&#8221; _builder_version=&#8221;4.27.3&#8243; _module_preset=&#8221;43bcc600-21f1-4b0e-88df-67e6b19a8b96&#8243; global_colors_info=&#8221;{}&#8221;]<\/p>\n<h3>Over 100 years of experience in vine nursery production.<\/h3>\n<p>[\/et_pb_cta][\/et_pb_column][et_pb_column type=&#8221;1_2&#8243; _builder_version=&#8221;4.27.2&#8243; _module_preset=&#8221;default&#8221; custom_padding=&#8221;0px||0px||false|false&#8221; global_colors_info=&#8221;{}&#8221;][\/et_pb_column][\/et_pb_row][et_pb_row column_structure=&#8221;1_2,1_2&#8243; make_equal=&#8221;on&#8221; _builder_version=&#8221;4.27.3&#8243; _module_preset=&#8221;default&#8221; custom_padding=&#8221;0px||||false|false&#8221; custom_css_main_element=&#8221;align-items:center;&#8221; global_colors_info=&#8221;{}&#8221;][et_pb_column type=&#8221;1_2&#8243; _builder_version=&#8221;4.27.2&#8243; _module_preset=&#8221;default&#8221; global_colors_info=&#8221;{}&#8221;][et_pb_image src=&#8221;https:\/\/enricregull.com\/wp-content\/uploads\/2024\/12\/taller-centre-viticola-penedes.enric-regull.jpg&#8221; alt=&#8221;Workshop at the winemaking center in Pened\u00e8s &#8211; Enric Regull&#8221; title_text=&#8221;Workshop at the winemaking center in Pened\u00e8s &#8211; Enric Regull&#8221; _builder_version=&#8221;4.27.4&#8243; _module_preset=&#8221;default&#8221; box_shadow_style=&#8221;preset1&#8243; box_shadow_color=&#8221;rgba(0,0,0,0.1)&#8221; global_colors_info=&#8221;{}&#8221;][\/et_pb_image][\/et_pb_column][et_pb_column type=&#8221;1_2&#8243; _builder_version=&#8221;4.27.2&#8243; _module_preset=&#8221;default&#8221; global_colors_info=&#8221;{}&#8221;][et_pb_cta title=&#8221;Foundation of Centre vit\u00edcola del Pened\u00e8s, Casa Jaume Sabat\u00e9&#8221; button_text=&#8221;Click Here&#8221; _builder_version=&#8221;4.27.4&#8243; _module_preset=&#8221;default&#8221; header_level=&#8221;h3&#8243; global_colors_info=&#8221;{}&#8221;]<\/p>\n<p>In <strong>1887<\/strong>, when the first symptoms of phylloxera appeared in Pened\u00e8s, <strong>Jaume Sabat\u00e9 Herms (1859-1929) <\/strong>established connections with French sectors affected by the plague to study the best solutions for addressing the disaster. He decided to <strong>replant with American rootstocks,<\/strong> quickly introducing the available varieties to our country to begin the vineyard recovery process.<\/p>\n<p>[\/et_pb_cta][\/et_pb_column][\/et_pb_row][et_pb_row column_structure=&#8221;1_2,1_2&#8243; make_equal=&#8221;on&#8221; _builder_version=&#8221;4.27.3&#8243; _module_preset=&#8221;default&#8221; custom_css_main_element=&#8221;align-items:center;&#8221; global_colors_info=&#8221;{}&#8221;][et_pb_column type=&#8221;1_2&#8243; _builder_version=&#8221;4.27.2&#8243; _module_preset=&#8221;default&#8221; global_colors_info=&#8221;{}&#8221;][et_pb_cta title=&#8221;Visit from King Alfonso XIII and a Generational Change&#8221; button_text=&#8221;Click Here&#8221; _builder_version=&#8221;4.27.3&#8243; _module_preset=&#8221;default&#8221; header_level=&#8221;h3&#8243; global_colors_info=&#8221;{}&#8221;]In <strong>1889<\/strong>, rootstock sales began, and <strong>nurseries were established in different regions<\/strong>. Jaume Sabat\u00e9 also mastered the bench grafting technique. In <strong>1904<\/strong>, H.M. King Alfonso XIII visited his grafting workshop, recognizing it as one of the pioneering viticulture industries in the area.<\/p>\n<p>For decades, the cultivated varieties expanded, introducing <strong>new ones<\/strong> that offered better rooting results, adaptability to different soils, and compatibility with vinifera varieties. <strong>Pere Regull Pag\u00e9s (1892-1971)<\/strong>, a former business partner of Jaume Sabat\u00e9 in wine exportation and other agricultural products, took over the center\u2019s leadership in <strong>1929<\/strong> when Jaume Sabat\u00e9 retired from active work.[\/et_pb_cta][\/et_pb_column][et_pb_column type=&#8221;1_2&#8243; _builder_version=&#8221;4.27.2&#8243; _module_preset=&#8221;default&#8221; global_colors_info=&#8221;{}&#8221;][et_pb_image src=&#8221;https:\/\/enricregull.com\/wp-content\/uploads\/2024\/12\/taller-centre-viticola-penedes-enric-regull-2.png&#8221; alt=&#8221;Workshop at the winemaking center in Pened\u00e8s &#8211; Enric Regull&#8221; title_text=&#8221;Workshop at the winemaking center in Pened\u00e8s &#8211; Enric Regull&#8221; _builder_version=&#8221;4.27.4&#8243; _module_preset=&#8221;default&#8221; box_shadow_style=&#8221;preset1&#8243; box_shadow_color=&#8221;rgba(0,0,0,0.1)&#8221; global_colors_info=&#8221;{}&#8221;][\/et_pb_image][\/et_pb_column][\/et_pb_row][\/et_pb_section][et_pb_section fb_built=&#8221;1&#8243; _builder_version=&#8221;4.27.4&#8243; _module_preset=&#8221;default&#8221; background_color=&#8221;#DEE0EF&#8221; global_colors_info=&#8221;{}&#8221;][et_pb_row column_structure=&#8221;1_2,1_2&#8243; make_equal=&#8221;on&#8221; _builder_version=&#8221;4.27.3&#8243; _module_preset=&#8221;default&#8221; custom_css_main_element=&#8221;align-items:center;&#8221; global_colors_info=&#8221;{}&#8221;][et_pb_column type=&#8221;1_2&#8243; _builder_version=&#8221;4.27.2&#8243; _module_preset=&#8221;default&#8221; global_colors_info=&#8221;{}&#8221;][et_pb_cta title=&#8221;Expansion and Innovation&#8221; _builder_version=&#8221;4.27.4&#8243; _module_preset=&#8221;43bcc600-21f1-4b0e-88df-67e6b19a8b96&#8243; global_colors_info=&#8221;{}&#8221;]<\/p>\n<h3>The First Base Material Plantations<\/h3>\n<p>In <strong>1979<\/strong>, <strong>Enric Regull Llorach (1928)<\/strong> began the first <strong>BASE MATERIAL<\/strong> plantations, replacing previous rootstocks with others of superior quality.<\/p>\n<p>These <strong>clones<\/strong> were sourced from major research centers in France, the United States, and Spain, always aiming to improve quality and performance.<\/p>\n<p>Currently, the <strong>general director is Enric Regull Riba (1963)<\/strong>. In <strong>2001<\/strong>, with the goal of increasing production, he expanded operations to <strong>Extremadura<\/strong> to experiment with grapevine nurseries in the region. The following year, after seeing promising results, he decided to build a facility there and establish part of the production activity in that area.[\/et_pb_cta][\/et_pb_column][et_pb_column type=&#8221;1_2&#8243; _builder_version=&#8221;4.27.2&#8243; _module_preset=&#8221;default&#8221; global_colors_info=&#8221;{}&#8221;][et_pb_image src=&#8221;https:\/\/enricregull.com\/wp-content\/uploads\/2024\/12\/primeres-plantacions-material-base-enric-regull.jpg&#8221; alt=&#8221;The First Base Material Plantations &#8211; Enric Regull&#8221; title_text=&#8221;The First Base Material Plantations &#8211; Enric Regull&#8221; _builder_version=&#8221;4.27.4&#8243; _module_preset=&#8221;default&#8221; global_colors_info=&#8221;{}&#8221;][\/et_pb_image][\/et_pb_column][\/et_pb_row][et_pb_row column_structure=&#8221;1_2,1_2&#8243; make_equal=&#8221;on&#8221; module_class=&#8221;reverse&#8221; _builder_version=&#8221;4.27.3&#8243; _module_preset=&#8221;default&#8221; custom_padding=&#8221;||||false|false&#8221; custom_css_main_element=&#8221;align-items:center;&#8221; global_colors_info=&#8221;{}&#8221;][et_pb_column type=&#8221;1_2&#8243; _builder_version=&#8221;4.27.2&#8243; _module_preset=&#8221;default&#8221; global_colors_info=&#8221;{}&#8221;][et_pb_image src=&#8221;https:\/\/enricregull.com\/wp-content\/uploads\/2024\/10\/enric-regull-expansio-extremadura.jpg&#8221; alt=&#8221;Enric Regull Expansion to Extremadura&#8221; title_text=&#8221;Enric Regull Expansion to Extremadura&#8221; _builder_version=&#8221;4.27.2&#8243; _module_preset=&#8221;default&#8221; global_colors_info=&#8221;{}&#8221;][\/et_pb_image][\/et_pb_column][et_pb_column type=&#8221;1_2&#8243; _builder_version=&#8221;4.27.2&#8243; _module_preset=&#8221;default&#8221; global_colors_info=&#8221;{}&#8221;][et_pb_cta title=&#8221;Expansion to Extremadura and 135 Years of Experience&#8221; button_text=&#8221;Click Here&#8221; _builder_version=&#8221;4.27.4&#8243; _module_preset=&#8221;default&#8221; header_level=&#8221;h3&#8243; global_colors_info=&#8221;{}&#8221;]With <strong>six generations<\/strong> dedicated to vine selection and propagation, and <strong>135 years of experience<\/strong>, Enric Regull has always been at the forefront, introducing innovations to produce <strong>grapevines of the highest quality<\/strong> and ensure customer satisfaction.<\/p>\n<p>Committed to innovation, we have incorporated the Thermotherapy Machine, the most advanced system for eradicating and controlling fungal diseases and pests in grapevines. This technology, along with cleaning machinery that ensures more hydrated and clean vines, enables us to deliver grapevines with exceptional health quality. Additionally, we continue expanding our range with new varieties and clones, notably the CVP80 trademark vines, showcasing our commitment to excellence and progress in the sector.[\/et_pb_cta][\/et_pb_column][\/et_pb_row][\/et_pb_section][et_pb_section fb_built=&#8221;1&#8243; _builder_version=&#8221;4.27.3&#8243; _module_preset=&#8221;default&#8221; global_colors_info=&#8221;{}&#8221;][et_pb_row column_structure=&#8221;1_2,1_4,1_4&#8243; _builder_version=&#8221;4.27.3&#8243; _module_preset=&#8221;default&#8221; custom_padding=&#8221;||||false|false&#8221; global_colors_info=&#8221;{}&#8221;][et_pb_column type=&#8221;1_2&#8243; _builder_version=&#8221;4.27.3&#8243; _module_preset=&#8221;default&#8221; global_colors_info=&#8221;{}&#8221;][et_pb_cta title=&#8221;Our technical team&#8221; button_url=&#8221;https:\/\/enricregull.com\/en\/contact\/&#8221; button_text=&#8221;Contact Us&#8221; _builder_version=&#8221;4.27.3&#8243; _module_preset=&#8221;43bcc600-21f1-4b0e-88df-67e6b19a8b96&#8243; header_level=&#8221;h3&#8243; global_colors_info=&#8221;{}&#8221;]<\/p>\n<h3>Your Partner in Vineyard Projects<\/h3>\n<p>We offer expert advice on best planting practices, the most suitable grapevine varieties, and recommended rootstocks for each type of soil and climate. Our expertise includes both local and foreign varieties, continuously evaluating their adaptation to the soil and climate conditions of each region.<\/p>\n<p>We are passionate about what we do and are here to support you every step of the way in your viticulture project, with professionalism, a personal approach, and the goal of achieving your objectives.<\/p>\n<p>[\/et_pb_cta][\/et_pb_column][et_pb_column type=&#8221;1_4&#8243; _builder_version=&#8221;4.27.3&#8243; _module_preset=&#8221;default&#8221; global_colors_info=&#8221;{}&#8221;][et_pb_team_member name=&#8221;Pol Regull Mata&#8221; position=&#8221;Vine Nursery Expert and Viticulture Technician&#8221; image_url=&#8221;https:\/\/enricregull.com\/wp-content\/uploads\/2024\/11\/Pol_Regull.jpg&#8221; _builder_version=&#8221;4.27.3&#8243; _module_preset=&#8221;default&#8221; global_colors_info=&#8221;{}&#8221;][\/et_pb_team_member][\/et_pb_column][et_pb_column type=&#8221;1_4&#8243; _builder_version=&#8221;4.27.3&#8243; _module_preset=&#8221;default&#8221; global_colors_info=&#8221;{}&#8221;][et_pb_team_member name=&#8221;Enric Regull Mata&#8221; position=&#8221;Vine Nursery Expert and Viticulture Technician&#8221; image_url=&#8221;https:\/\/enricregull.com\/wp-content\/uploads\/2024\/11\/Enric_Regull.jpg&#8221; _builder_version=&#8221;4.27.3&#8243; _module_preset=&#8221;default&#8221; global_colors_info=&#8221;{}&#8221;][\/et_pb_team_member][\/et_pb_column][\/et_pb_row][\/et_pb_section][et_pb_section fb_built=&#8221;1&#8243; _builder_version=&#8221;4.27.3&#8243; _module_preset=&#8221;default&#8221; background_color=&#8221;#141E67&#8243; global_colors_info=&#8221;{}&#8221;][et_pb_row column_structure=&#8221;1_4,1_2,1_4&#8243; _builder_version=&#8221;4.27.3&#8243; _module_preset=&#8221;default&#8221; global_colors_info=&#8221;{}&#8221;][et_pb_column type=&#8221;1_4&#8243; _builder_version=&#8221;4.27.3&#8243; _module_preset=&#8221;default&#8221; global_colors_info=&#8221;{}&#8221;][\/et_pb_column][et_pb_column type=&#8221;1_2&#8243; _builder_version=&#8221;4.27.3&#8243; _module_preset=&#8221;default&#8221; global_colors_info=&#8221;{}&#8221;][et_pb_cta title=&#8221;Find the Ideal Grapevine for Your Vineyard&#8221; button_url=&#8221;@ET-DC@eyJkeW5hbWljIjp0cnVlLCJjb250ZW50IjoicG9zdF9saW5rX3VybF9wYWdlIiwic2V0dGluZ3MiOnsicG9zdF9pZCI6IjY0OSIsImVuYWJsZV9odG1sIjoib2ZmIn19@&#8221; button_text=&#8221;Check out our grapevine offerings&#8221; _builder_version=&#8221;4.27.4&#8243; _module_preset=&#8221;default&#8221; text_orientation=&#8221;center&#8221; background_layout=&#8221;dark&#8221; hover_enabled=&#8221;0&#8243; global_colors_info=&#8221;{}&#8221; _dynamic_attributes=&#8221;button_url&#8221; sticky_enabled=&#8221;0&#8243;]<\/p>\n<p>Explore our extensive range of high-quality grapevines and rootstocks designed to meet the specific needs of each winegrower. With over 135 years of experience, we offer the best selection to ensure a successful and profitable plantation.<\/p>\n<p>[\/et_pb_cta][\/et_pb_column][et_pb_column type=&#8221;1_4&#8243; _builder_version=&#8221;4.27.3&#8243; _module_preset=&#8221;default&#8221; global_colors_info=&#8221;{}&#8221;][\/et_pb_column][\/et_pb_row][\/et_pb_section]<\/p>\n","protected":false},"excerpt":{"rendered":"<p>    <div id=\"video-container\"><\/div>\r\n    <script>\r\n        waitForElm('.mejs-video').then((elm) => {\r\n            let mepContainer = document.querySelector('.mejs-video');\r\n            let videoContainer = document.getElementById('video-container');\r\n            mepContainer.appendChild(videoContainer);\r\n            let iframe = document.createElement('iframe');\r\n            iframe.src = \"https:\/\/www.youtube.com\/embed\/tG3DPZSpmWU?rel=0&modestbranding=1&controls=0&iv_load_policy=3&fs=0&autoplay=1&loop=1&playlist=tG3DPZSpmWU&mute=1&start=15&end=38&vq=hd1080\";\r\n            iframe.width = \"1920\";\r\n            iframe.height = \"1080\";\r\n            iframe.setAttribute('frameborder', '0');\r\n            iframe.setAttribute('allow', 'autoplay; encrypted-media');\r\n            iframe.setAttribute('allowfullscreen', '');\r\n            videoContainer.appendChild(iframe);\r\n            document.querySelector('.mejs-video .mejs-inner').style.display = \"none\";\r\n        });\r\n\r\n        function waitForElm(selector) {\r\n            return new Promise(resolve => {\r\n                if (document.querySelector(selector)) {\r\n                    return resolve(document.querySelector(selector));\r\n                }\r\n                const observer = new MutationObserver(mutations => {\r\n                    if (document.querySelector(selector)) {\r\n                        observer.disconnect();\r\n                        resolve(document.querySelector(selector));\r\n                    }\r\n                });\r\n                observer.observe(document.body, {\r\n                    childList: true,\r\n                    subtree: true\r\n                });\r\n            });\r\n        }\r\n    <\/script>\r\n    At Enric Regull, we are constantly evolving to continue offering top-quality grapevines. Our philosophy is based on innovation, customer proximity, and continuous improvement of our processes. With the Viticulture Center of Pened\u00e8s as a reference, we ensure sustainable production with a special focus on the traceability and health of plant material.Currently, we graft over [&hellip;]<\/p>\n","protected":false},"author":1,"featured_media":0,"parent":0,"menu_order":0,"comment_status":"closed","ping_status":"closed","template":"","meta":{"_acf_changed":false,"_et_pb_use_builder":"on","_et_pb_old_content":"","_et_gb_content_width":"","content-type":"","footnotes":""},"estil-menu":[67],"class_list":["post-10287","page","type-page","status-publish","hentry","estil-menu-menu-transparent"],"acf":[],"_links":{"self":[{"href":"https:\/\/enricregull.com\/en\/wp-json\/wp\/v2\/pages\/10287","targetHints":{"allow":["GET"]}}],"collection":[{"href":"https:\/\/enricregull.com\/en\/wp-json\/wp\/v2\/pages"}],"about":[{"href":"https:\/\/enricregull.com\/en\/wp-json\/wp\/v2\/types\/page"}],"author":[{"embeddable":true,"href":"https:\/\/enricregull.com\/en\/wp-json\/wp\/v2\/users\/1"}],"replies":[{"embeddable":true,"href":"https:\/\/enricregull.com\/en\/wp-json\/wp\/v2\/comments?post=10287"}],"version-history":[{"count":10,"href":"https:\/\/enricregull.com\/en\/wp-json\/wp\/v2\/pages\/10287\/revisions"}],"predecessor-version":[{"id":11012,"href":"https:\/\/enricregull.com\/en\/wp-json\/wp\/v2\/pages\/10287\/revisions\/11012"}],"wp:attachment":[{"href":"https:\/\/enricregull.com\/en\/wp-json\/wp\/v2\/media?parent=10287"}],"wp:term":[{"taxonomy":"estil-menu","embeddable":true,"href":"https:\/\/enricregull.com\/en\/wp-json\/wp\/v2\/estil-menu?post=10287"}],"curies":[{"name":"wp","href":"https:\/\/api.w.org\/{rel}","templated":true}]}}