{"id":10063,"date":"2024-10-04T06:54:24","date_gmt":"2024-10-04T04:54:24","guid":{"rendered":"https:\/\/enricregull.com\/inici\/"},"modified":"2025-12-24T08:54:51","modified_gmt":"2025-12-24T07:54:51","slug":"inicio","status":"publish","type":"page","link":"https:\/\/enricregull.com\/es\/","title":{"rendered":"Inicio"},"content":{"rendered":"<p>[et_pb_section fb_built=\u00bb1&#8243; fullwidth=\u00bbon\u00bb _builder_version=\u00bb4.27.2&#8243; _module_preset=\u00bbdefault\u00bb global_colors_info=\u00bb{}\u00bb][et_pb_fullwidth_header title=\u00bbPlantas de vid de calidad \u00bb subhead=\u00bbEnric Regull\u00bb logo_image_url=\u00bb@ET-DC@eyJkeW5hbWljIjp0cnVlLCJjb250ZW50Ijoic2l0ZV9sb2dvIiwic2V0dGluZ3MiOnsiZW5hYmxlX2h0bWwiOiJvZmYifX0=@\u00bb _builder_version=\u00bb4.27.4&#8243; _dynamic_attributes=\u00bblogo_image_url\u00bb _module_preset=\u00bb6f866e43-9394-433d-b7ee-0a78f6cd77c0&#8243; background_color_gradient_stops=\u00bbrgba(20,30,103,0.37) 1%|rgba(20,30,103,0) 27%|rgba(20,30,103,0.6) 63%|rgba(20,30,103,0.93) 100%\u00bb background_color_gradient_overlays_image=\u00bboff\u00bb background_image=\u00bbhttps:\/\/enricregull.com\/wp-content\/uploads\/2024\/11\/vinyes-enric-regull.jpg\u00bb background_blend=\u00bboverlay\u00bb height=\u00bbauto\u00bb max_height=\u00bbnone\u00bb custom_padding=\u00bb20vh||||false|false\u00bb global_colors_info=\u00bb{}\u00bb][\/et_pb_fullwidth_header][\/et_pb_section][et_pb_section fb_built=\u00bb1&#8243; _builder_version=\u00bb4.27.3&#8243; _module_preset=\u00bbdefault\u00bb background_color=\u00bb#DEE0EF\u00bb global_colors_info=\u00bb{}\u00bb][et_pb_row column_structure=\u00bb1_2,1_2&#8243; make_equal=\u00bbon\u00bb _builder_version=\u00bb4.27.3&#8243; _module_preset=\u00bbdefault\u00bb custom_css_main_element=\u00bbalign-items:center;\u00bb global_colors_info=\u00bb{}\u00bb][et_pb_column type=\u00bb1_2&#8243; _builder_version=\u00bb4.27.2&#8243; _module_preset=\u00bbdefault\u00bb global_colors_info=\u00bb{}\u00bb][et_pb_cta title=\u00bbPioneros en la producci\u00f3n y comercializaci\u00f3n de plantas de vi\u00f1a desde 1889&#8243; button_url=\u00bbhttps:\/\/enricregull.com\/es\/enric-regull\/\u00bb button_text=\u00bbNuestra historia\u00bb _builder_version=\u00bb4.27.4&#8243; _module_preset=\u00bbdefault\u00bb global_colors_info=\u00bb{}\u00bb]M\u00e1s de un siglo avalando nuestra dedicaci\u00f3n a la producci\u00f3n de plantas de vi\u00f1a.<br \/>\nCon seriedad y responsabilidad acompa\u00f1ado de un enfoque constante en la mejora de nuestros procesos y un trato cercano al viticultor, han hecho que Enric Regull sea hoy en d\u00eda uno de los viveros l\u00edderes en el sector, trabajando con dedicaci\u00f3n, pasi\u00f3n y profesionalidad.[\/et_pb_cta][\/et_pb_column][et_pb_column type=\u00bb1_2&#8243; _builder_version=\u00bb4.27.2&#8243; _module_preset=\u00bbdefault\u00bb global_colors_info=\u00bb{}\u00bb][et_pb_image src=\u00bbhttps:\/\/enricregull.com\/wp-content\/uploads\/2024\/10\/enric-regull-produccio-planter-de-vinya.jpg\u00bb alt=\u00bbEnric Regull producci\u00f3n del plantas de vi\u00f1a\u00bb title_text=\u00bbenric-regull-produccio-plantas-de-vi\u00f1a\u00bb _builder_version=\u00bb4.27.3&#8243; _module_preset=\u00bbdefault\u00bb global_colors_info=\u00bb{}\u00bb][\/et_pb_image][\/et_pb_column][\/et_pb_row][\/et_pb_section][et_pb_section fb_built=\u00bb1&#8243; _builder_version=\u00bb4.27.2&#8243; _module_preset=\u00bbdefault\u00bb global_colors_info=\u00bb{}\u00bb][et_pb_row column_structure=\u00bb2_5,3_5&#8243; make_equal=\u00bbon\u00bb _builder_version=\u00bb4.27.3&#8243; _module_preset=\u00bbdefault\u00bb custom_css_main_element=\u00bbalign-items:center;\u00bb global_colors_info=\u00bb{}\u00bb][et_pb_column type=\u00bb2_5&#8243; _builder_version=\u00bb4.27.2&#8243; _module_preset=\u00bbdefault\u00bb global_colors_info=\u00bb{}\u00bb][et_pb_image src=\u00bbhttps:\/\/enricregull.com\/wp-content\/uploads\/2024\/12\/empresa-enric-regull.jpg\u00bb alt=\u00bbEmpresa Enric Regull\u00bb title_text=\u00bbEmpresa Enric Regull\u00bb _builder_version=\u00bb4.27.4&#8243; _module_preset=\u00bbdefault\u00bb global_colors_info=\u00bb{}\u00bb][\/et_pb_image][\/et_pb_column][et_pb_column type=\u00bb3_5&#8243; _builder_version=\u00bb4.27.2&#8243; _module_preset=\u00bbdefault\u00bb global_colors_info=\u00bb{}\u00bb][et_pb_cta title=\u00bbCentros de Producci\u00f3n en Catalunya y Extremadura\u00bb button_url=\u00bbhttps:\/\/enricregull.com\/es\/contacto\/\u00bb button_text=\u00bbContacta con nosotros\u00bb _builder_version=\u00bb4.27.3&#8243; _module_preset=\u00bbdefault\u00bb global_colors_info=\u00bb{}\u00bb]<\/p>\n<p>En Enric Regull injertamos m\u00e1s de <strong>2 millones de cepas anualmente<\/strong> con m\u00e1s de 100 combinaciones diferentes patr\u00f3n-injerto. Nuestra filosof\u00eda se basa en la <strong>trazabilidad<\/strong>, la <strong>sanidad del material vegetal<\/strong>, y la <strong>calidad<\/strong> de nuestras plantas, siempre poniendo al cliente en el centro de todo lo que hacemos.<\/p>\n<p>Nuestro centro est\u00e1 ubicado en Catalunya y Extremadura para garantizar una producci\u00f3n eficiente y un extenso alcance territorial.<\/p>\n<p>[\/et_pb_cta][\/et_pb_column][\/et_pb_row][et_pb_row _builder_version=\u00bb4.27.3&#8243; _module_preset=\u00bbdefault\u00bb custom_padding=\u00bb||0px|||\u00bb global_colors_info=\u00bb{}\u00bb][et_pb_column type=\u00bb4_4&#8243; _builder_version=\u00bb4.27.3&#8243; _module_preset=\u00bbdefault\u00bb global_colors_info=\u00bb{}\u00bb][et_pb_cta title=\u00bbM\u00e1ximo cuidado en la selecci\u00f3n fisiol\u00f3gica, sanitaria y gen\u00e9tica\u00bb _builder_version=\u00bb4.27.3&#8243; _module_preset=\u00bbf38e9ff4-68aa-48f6-8cab-20913007bbfa\u00bb global_colors_info=\u00bb{}\u00bb][\/et_pb_cta][\/et_pb_column][\/et_pb_row][et_pb_row column_structure=\u00bb1_2,1_2&#8243; make_equal=\u00bbon\u00bb _builder_version=\u00bb4.27.3&#8243; _module_preset=\u00bbdefault\u00bb custom_padding=\u00bb0px||||false|false\u00bb global_colors_info=\u00bb{}\u00bb][et_pb_column type=\u00bb1_2&#8243; _builder_version=\u00bb4.27.2&#8243; _module_preset=\u00bbdefault\u00bb global_colors_info=\u00bb{}\u00bb][et_pb_blurb title=\u00bbCalidad fisiol\u00f3gica\u00bb _builder_version=\u00bb4.27.4&#8243; _module_preset=\u00bb5b88f433-1e73-457d-956d-55c5559b4333&#8243; global_colors_info=\u00bb{}\u00bb]Nuestro proceso de selecci\u00f3n es riguroso. S\u00f3lo comercializamos las plantas que tienen un <strong>sistema radicular completo<\/strong> y una <strong>soldadura del punto de injerto fuerte y comprobada<\/strong>. Aquellas cepas que no cumplen las garant\u00edas de calidad son descartadas.[\/et_pb_blurb][et_pb_blurb title=\u00bbCalidad gen\u00e9tica\u00bb _builder_version=\u00bb4.27.3&#8243; _module_preset=\u00bb5b88f433-1e73-457d-956d-55c5559b4333&#8243; global_colors_info=\u00bb{}\u00bb]<\/p>\n<p>Nuestros clones certificados son obtenidos de los mejores centros de investigaci\u00f3n, contrastados e independientes como (INCAVI, ENTAV-INRA, EVENA,&#8230;). Con an\u00e1lisis anuales del material y garant\u00eda sanitaria.<\/p>\n<p>[\/et_pb_blurb][\/et_pb_column][et_pb_column type=\u00bb1_2&#8243; _builder_version=\u00bb4.27.3&#8243; _module_preset=\u00bbdefault\u00bb custom_css_main_element=\u00bbdisplay:flex;||flex-direction: column;||justify-content: space-between;\u00bb global_colors_info=\u00bb{}\u00bb][et_pb_blurb title=\u00bbCalidad sanitaria\u00bb _builder_version=\u00bb4.27.3&#8243; _module_preset=\u00bb5b88f433-1e73-457d-956d-55c5559b4333&#8243; global_colors_info=\u00bb{}\u00bb]<\/p>\n<ul>\n<li>Seguimiento exhaustivo del material vegetal utilizado en cada injerto, asegurando la m\u00e1xima calidad y autenticidad.<\/li>\n<li>Utilizaci\u00f3n de material certificado de nuestros campos madre.<\/li>\n<li>Empleo de pr\u00e1cticas eficientes para mejorar la sanidad del material vegetal como el uso de agentes desinfectantes, podas de respeto, inoculaci\u00f3n de Micorrizes y Tratamiento de Termoterapia.<\/li>\n<\/ul>\n<p>[\/et_pb_blurb][\/et_pb_column][\/et_pb_row][et_pb_row make_equal=\u00bbon\u00bb _builder_version=\u00bb4.27.3&#8243; _module_preset=\u00bbdefault\u00bb custom_padding=\u00bb0px||||false|false\u00bb global_colors_info=\u00bb{}\u00bb][et_pb_column type=\u00bb4_4&#8243; _builder_version=\u00bb4.27.2&#8243; _module_preset=\u00bbdefault\u00bb global_colors_info=\u00bb{}\u00bb][et_pb_image src=\u00bbhttps:\/\/enricregull.com\/wp-content\/uploads\/2024\/12\/plantes-de-vinya-enric-regull.jpg\u00bb alt=\u00bbPlantas de vid de Enric Regull\u00bb title_text=\u00bbPlantas de vid de Enric Regull\u00bb _builder_version=\u00bb4.27.4&#8243; _module_preset=\u00bbdefault\u00bb max_height=\u00bb450px\u00bb custom_css_free_form=\u00bbimg {||  object-fit: cover;||}\u00bb global_colors_info=\u00bb{}\u00bb][\/et_pb_image][\/et_pb_column][\/et_pb_row][\/et_pb_section][et_pb_section fb_built=\u00bb1&#8243; custom_padding_last_edited=\u00bbon|phone\u00bb _builder_version=\u00bb4.27.3&#8243; _module_preset=\u00bbdefault\u00bb background_color=\u00bb#DEE0EF\u00bb custom_padding_tablet=\u00bb\u00bb custom_padding_phone=\u00bb||0px||false|false\u00bb global_colors_info=\u00bb{}\u00bb][et_pb_row column_structure=\u00bb1_2,1_2&#8243; _builder_version=\u00bb4.27.2&#8243; _module_preset=\u00bbdefault\u00bb custom_padding=\u00bb||0px|||\u00bb global_colors_info=\u00bb{}\u00bb][et_pb_column type=\u00bb1_2&#8243; _builder_version=\u00bb4.27.2&#8243; _module_preset=\u00bbdefault\u00bb global_colors_info=\u00bb{}\u00bb][et_pb_cta title=\u00bbExtensa Gama de Variedades y Portainjertos de vi\u00f1a\u00bb button_url=\u00bbhttps:\/\/enricregull.com\/es\/plantas-de-vid-de-calidad\/\u00bb button_text=\u00bbVer nuestra oferta\u00bb _builder_version=\u00bb4.27.3&#8243; _module_preset=\u00bbdefault\u00bb global_colors_info=\u00bb{}\u00bb]<\/p>\n<p>Disponemos de una amplia selecci\u00f3n de variedades y portainjertos que incluye clones propios de variedades como Macabeo, Xarel\u00b7lo, Parellada y Tempranillo. Nuestros clones han pasado por rigurosos procesos de selecci\u00f3n y homologaci\u00f3n oficiales. Adem\u00e1s, contamos con <strong>60 hect\u00e1reas propias de campos madre certificadas por el Ministerio de Agricultura<\/strong> que nos permiten garantizar un material de calidad.<\/p>\n<p>[\/et_pb_cta][\/et_pb_column][et_pb_column type=\u00bb1_2&#8243; _builder_version=\u00bb4.27.2&#8243; _module_preset=\u00bbdefault\u00bb global_colors_info=\u00bb{}\u00bb][\/et_pb_column][\/et_pb_row][et_pb_row column_structure=\u00bb2_3,1_3&#8243; _builder_version=\u00bb4.27.2&#8243; _module_preset=\u00bbdefault\u00bb custom_padding=\u00bb||0px|||\u00bb global_colors_info=\u00bb{}\u00bb][et_pb_column type=\u00bb2_3&#8243; _builder_version=\u00bb4.27.2&#8243; _module_preset=\u00bbdefault\u00bb global_colors_info=\u00bb{}\u00bb][et_pb_heading title=\u00bbNuestras plantas de vi\u00f1a de calidad\u00bb _builder_version=\u00bb4.27.4&#8243; _module_preset=\u00bbdefault\u00bb title_level=\u00bbh3&#8243; global_colors_info=\u00bb{}\u00bb][\/et_pb_heading][\/et_pb_column][et_pb_column type=\u00bb1_3&#8243; _builder_version=\u00bb4.27.2&#8243; _module_preset=\u00bbdefault\u00bb global_colors_info=\u00bb{}\u00bb][\/et_pb_column][\/et_pb_row][et_pb_row column_structure=\u00bb1_6,1_6,1_6,1_6,1_6,1_6&#8243; module_class=\u00bbplanters-home\u00bb _builder_version=\u00bb4.27.4&#8243; _module_preset=\u00bbdefault\u00bb custom_padding=\u00bb0px|||||\u00bb custom_css_free_form=\u00bb.planters-home img {||  height: 250px!important;||  object-fit: contain!important;||  background: white;||}\u00bb global_colors_info=\u00bb{}\u00bb][et_pb_column type=\u00bb1_6&#8243; _builder_version=\u00bb4.27.3&#8243; _module_preset=\u00bbdefault\u00bb global_colors_info=\u00bb{}\u00bb][et_pb_image src=\u00bbhttps:\/\/enricregull.com\/wp-content\/uploads\/2024\/12\/CVP-TRADICIONAL-3.png\u00bb alt=\u00bbEnric Regull Productos\u00bb title_text=\u00bbCVP-TRADICIONAL\u00bb url=\u00bbhttps:\/\/enricregull.com\/es\/plantas-de-vid-de-calidad\/#cvp-tradicional\u00bb _builder_version=\u00bb4.27.4&#8243; _module_preset=\u00bbdefault\u00bb hover_enabled=\u00bb0&#8243; global_colors_info=\u00bb{}\u00bb sticky_enabled=\u00bb0&#8243;][\/et_pb_image][et_pb_text _builder_version=\u00bb4.27.4&#8243; _module_preset=\u00bbdefault\u00bb header_4_font=\u00bb|||on|||||\u00bb text_orientation=\u00bbcenter\u00bb link_option_url=\u00bbhttps:\/\/enricregull.com\/es\/plantas-de-vid-de-calidad\/#cvp-tradicional\u00bb hover_enabled=\u00bb0&#8243; global_colors_info=\u00bb{}\u00bb sticky_enabled=\u00bb0&#8243;]<\/p>\n<h4>CVP Tradicional<\/h4>\n<p>[\/et_pb_text][\/et_pb_column][et_pb_column type=\u00bb1_6&#8243; _builder_version=\u00bb4.27.3&#8243; _module_preset=\u00bbdefault\u00bb global_colors_info=\u00bb{}\u00bb][et_pb_image src=\u00bbhttps:\/\/enricregull.com\/wp-content\/uploads\/2024\/12\/CVP-80.png\u00bb alt=\u00bbEnric Regull Productos\u00bb title_text=\u00bbCVP-80&#8243; url=\u00bbhttps:\/\/enricregull.com\/es\/plantas-de-vid-de-calidad\/#cvp-80&#8243; _builder_version=\u00bb4.27.4&#8243; _module_preset=\u00bbdefault\u00bb hover_enabled=\u00bb0&#8243; global_colors_info=\u00bb{}\u00bb sticky_enabled=\u00bb0&#8243;][\/et_pb_image][et_pb_text _builder_version=\u00bb4.27.4&#8243; _module_preset=\u00bbdefault\u00bb text_orientation=\u00bbcenter\u00bb link_option_url=\u00bbhttps:\/\/enricregull.com\/es\/plantas-de-vid-de-calidad\/#cvp-80&#8243; hover_enabled=\u00bb0&#8243; global_colors_info=\u00bb{}\u00bb sticky_enabled=\u00bb0&#8243;]<\/p>\n<h4>CVP 80\u00ae<\/h4>\n<p>[\/et_pb_text][\/et_pb_column][et_pb_column type=\u00bb1_6&#8243; _builder_version=\u00bb4.27.3&#8243; _module_preset=\u00bbdefault\u00bb global_colors_info=\u00bb{}\u00bb][et_pb_image src=\u00bbhttps:\/\/enricregull.com\/wp-content\/uploads\/2024\/12\/CVP-MICO-1.png\u00bb alt=\u00bbEnric Regull Productos\u00bb title_text=\u00bbCVP-MICO\u00bb url=\u00bbhttps:\/\/enricregull.com\/es\/plantas-de-vid-de-calidad\/#cvp-mico\u00bb _builder_version=\u00bb4.27.4&#8243; _module_preset=\u00bbdefault\u00bb hover_enabled=\u00bb0&#8243; global_colors_info=\u00bb{}\u00bb sticky_enabled=\u00bb0&#8243;][\/et_pb_image][et_pb_text _builder_version=\u00bb4.27.4&#8243; _module_preset=\u00bbdefault\u00bb header_4_font=\u00bb|||on|||||\u00bb text_orientation=\u00bbcenter\u00bb link_option_url=\u00bbhttps:\/\/enricregull.com\/es\/plantas-de-vid-de-calidad\/#cvp-mico\u00bb hover_enabled=\u00bb0&#8243; global_colors_info=\u00bb{}\u00bb sticky_enabled=\u00bb0&#8243;]<\/p>\n<h4>CVP Mico<\/h4>\n<p>[\/et_pb_text][\/et_pb_column][et_pb_column type=\u00bb1_6&#8243; _builder_version=\u00bb4.27.3&#8243; _module_preset=\u00bbdefault\u00bb global_colors_info=\u00bb{}\u00bb][et_pb_image src=\u00bbhttps:\/\/enricregull.com\/wp-content\/uploads\/2024\/11\/termoterapia1.jpg\u00bb alt=\u00bbTermoterapia, Enric Regull\u00bb title_text=\u00bbTermoterapia\u00bb url=\u00bbhttps:\/\/enricregull.com\/es\/plantas-de-vid-de-calidad\/#cvp-termoterapia\u00bb module_class=\u00bbplanters-cover\u00bb _builder_version=\u00bb4.27.4&#8243; _module_preset=\u00bbdefault\u00bb hover_enabled=\u00bb0&#8243; custom_css_free_form=\u00bb.planters-cover img {||  object-fit: cover!important;||}\u00bb global_colors_info=\u00bb{}\u00bb sticky_enabled=\u00bb0&#8243;][\/et_pb_image][et_pb_text _builder_version=\u00bb4.27.4&#8243; _module_preset=\u00bbdefault\u00bb header_4_font=\u00bb|||on|||||\u00bb text_orientation=\u00bbcenter\u00bb link_option_url=\u00bbhttps:\/\/enricregull.com\/es\/plantas-de-vid-de-calidad\/#cvp-termoterapia\u00bb hover_enabled=\u00bb0&#8243; global_colors_info=\u00bb{}\u00bb sticky_enabled=\u00bb0&#8243;]<\/p>\n<h4>CVP Termoterapia<\/h4>\n<p>[\/et_pb_text][\/et_pb_column][et_pb_column type=\u00bb1_6&#8243; _builder_version=\u00bb4.27.3&#8243; _module_preset=\u00bbdefault\u00bb global_colors_info=\u00bb{}\u00bb][et_pb_image src=\u00bbhttps:\/\/enricregull.com\/wp-content\/uploads\/2024\/12\/seleccio-massal.png\u00bb alt=\u00bbEnric Regull Productos\u00bb title_text=\u00bbseleccion-masal\u00bb url=\u00bbhttps:\/\/enricregull.com\/es\/plantas-de-vid-de-calidad\/#cvp-massal\u00bb _builder_version=\u00bb4.27.4&#8243; _module_preset=\u00bbdefault\u00bb hover_enabled=\u00bb0&#8243; global_colors_info=\u00bb{}\u00bb sticky_enabled=\u00bb0&#8243;][\/et_pb_image][et_pb_text _builder_version=\u00bb4.27.4&#8243; _module_preset=\u00bbdefault\u00bb header_4_font=\u00bb|||on|||||\u00bb text_orientation=\u00bbcenter\u00bb link_option_url=\u00bbhttps:\/\/enricregull.com\/es\/plantas-de-vid-de-calidad\/#cvp-seleccio-massal\u00bb hover_enabled=\u00bb0&#8243; global_colors_info=\u00bb{}\u00bb sticky_enabled=\u00bb0&#8243;]<\/p>\n<h4>CVP Selecci\u00f3n masal<\/h4>\n<p>[\/et_pb_text][\/et_pb_column][et_pb_column type=\u00bb1_6&#8243; _builder_version=\u00bb4.27.3&#8243; _module_preset=\u00bbdefault\u00bb global_colors_info=\u00bb{}\u00bb][et_pb_image src=\u00bbhttps:\/\/enricregull.com\/wp-content\/uploads\/2024\/12\/CVP-POT-2.jpg\u00bb alt=\u00bbEnric Regull Productos\u00bb title_text=\u00bbCVP POT 2&#8243; url=\u00bbhttps:\/\/enricregull.com\/es\/plantas-de-vid-de-calidad\/#cvp-pot\u00bb module_class=\u00bbplanters-cover\u00bb _builder_version=\u00bb4.27.4&#8243; _module_preset=\u00bbdefault\u00bb hover_enabled=\u00bb0&#8243; global_colors_info=\u00bb{}\u00bb sticky_enabled=\u00bb0&#8243;][\/et_pb_image][et_pb_text _builder_version=\u00bb4.27.4&#8243; _module_preset=\u00bbdefault\u00bb header_4_font=\u00bb|||on|||||\u00bb text_orientation=\u00bbcenter\u00bb link_option_url=\u00bbhttps:\/\/enricregull.com\/es\/plantas-de-vid-de-calidad\/#cvp-pot\u00bb hover_enabled=\u00bb0&#8243; global_colors_info=\u00bb{}\u00bb sticky_enabled=\u00bb0&#8243;]<\/p>\n<h4>CVP Pot<\/h4>\n<p>[\/et_pb_text][\/et_pb_column][\/et_pb_row][\/et_pb_section][et_pb_section fb_built=\u00bb1&#8243; _builder_version=\u00bb4.27.3&#8243; _module_preset=\u00bbdefault\u00bb background_color=\u00bb#141E67&#8243; global_colors_info=\u00bb{}\u00bb][et_pb_row column_structure=\u00bb1_4,1_2,1_4&#8243; module_class=\u00bbreverse\u00bb _builder_version=\u00bb4.27.2&#8243; _module_preset=\u00bbdefault\u00bb global_colors_info=\u00bb{}\u00bb][et_pb_column type=\u00bb1_4&#8243; _builder_version=\u00bb4.27.2&#8243; _module_preset=\u00bbdefault\u00bb global_colors_info=\u00bb{}\u00bb][\/et_pb_column][et_pb_column type=\u00bb1_2&#8243; _builder_version=\u00bb4.27.2&#8243; _module_preset=\u00bbdefault\u00bb global_colors_info=\u00bb{}\u00bb][et_pb_cta title=\u00bbAsesoramiento T\u00e9cnico Personalizado\u00bb button_url=\u00bbhttps:\/\/enricregull.com\/es\/contacto\/\u00bb button_text=\u00bbTe ayudamos\u00bb _builder_version=\u00bb4.27.3&#8243; _module_preset=\u00bbdefault\u00bb text_orientation=\u00bbcenter\u00bb background_layout=\u00bbdark\u00bb global_colors_info=\u00bb{}\u00bb]<\/p>\n<p>En Enric Regull estamos siempre cerca del viticultor. Ofrecemos <strong>asesoramiento t\u00e9cnico personalizado<\/strong> en la selecci\u00f3n de portainjertos, variedades de uva y clones, as\u00ed como consejos para la plantaci\u00f3n y manejo de la vi\u00f1a. Nuestra prioridad es garantizar una plantaci\u00f3n exitosa y ofrecer un trato profesional y cercano.<\/p>\n<p>[\/et_pb_cta][\/et_pb_column][et_pb_column type=\u00bb1_4&#8243; _builder_version=\u00bb4.27.2&#8243; _module_preset=\u00bbdefault\u00bb global_colors_info=\u00bb{}\u00bb][\/et_pb_column][\/et_pb_row][\/et_pb_section][et_pb_section fb_built=\u00bb1&#8243; _builder_version=\u00bb4.27.3&#8243; _module_preset=\u00bbdefault\u00bb background_size=\u00bbcustom\u00bb background_image_height=\u00bb100%\u00bb background_position=\u00bbcenter_left\u00bb overflow-x=\u00bbhidden\u00bb overflow-y=\u00bbhidden\u00bb global_colors_info=\u00bb{}\u00bb][et_pb_row column_structure=\u00bb1_2,1_2&#8243; _builder_version=\u00bb4.27.3&#8243; _module_preset=\u00bbdefault\u00bb z_index=\u00bb5&#8243; global_colors_info=\u00bb{}\u00bb][et_pb_column type=\u00bb1_2&#8243; _builder_version=\u00bb4.27.3&#8243; _module_preset=\u00bbdefault\u00bb global_colors_info=\u00bb{}\u00bb][\/et_pb_column][et_pb_column type=\u00bb1_2&#8243; _builder_version=\u00bb4.27.2&#8243; _module_preset=\u00bbdefault\u00bb global_colors_info=\u00bb{}\u00bb][et_pb_cta title=\u00bbExportaci\u00f3n dentro y fuera de la UE\u00bb _builder_version=\u00bb4.27.3&#8243; _module_preset=\u00bbdefault\u00bb global_colors_info=\u00bb{}\u00bb]<\/p>\n<p>Con m\u00e1s de 25 a\u00f1os de experiencia exportando a Pa\u00edses como Portugal, Francia, Italia y en diferentes nuevas regiones pr\u00f3speras vit\u00edcolas m\u00e1s lejanas, hacen que Enric Regull sea un referente en el sector en el env\u00edo de plantas de vi\u00f1a v\u00eda a\u00e9rea, mar\u00edtima y terrestre, completando la gesti\u00f3n documentaria y asegurando una log\u00edstica de las plantas donde se mantenga la cadena de fr\u00edo, humedad y frescura desde nuestras c\u00e1maras frigor\u00edficas hasta el cliente final.<\/p>\n<p>Enric Regull obtiene en 2024 premio IcexNext como una de las 100 empresas con mayor potencial exportador de la provincia.<\/p>\n<p>[\/et_pb_cta][\/et_pb_column][\/et_pb_row][et_pb_row column_structure=\u00bb1_2,1_2&#8243; _builder_version=\u00bb4.27.3&#8243; _module_preset=\u00bbdefault\u00bb positioning=\u00bbabsolute\u00bb position_origin_a=\u00bbcenter_left\u00bb position_origin_a_tablet=\u00bbcenter_left\u00bb position_origin_a_phone=\u00bbcenter_left\u00bb position_origin_a_last_edited=\u00bbon|desktop\u00bb position_origin_f_tablet=\u00bb\u00bb position_origin_f_phone=\u00bb\u00bb position_origin_f_last_edited=\u00bbon|desktop\u00bb position_origin_r_tablet=\u00bb\u00bb position_origin_r_phone=\u00bb\u00bb position_origin_r_last_edited=\u00bbon|desktop\u00bb width=\u00bb100%\u00bb max_width=\u00bb100%\u00bb custom_padding=\u00bb0px||0px|||\u00bb positioning_tablet=\u00bbnone\u00bb positioning_phone=\u00bbnone\u00bb positioning_last_edited=\u00bbon|tablet\u00bb global_colors_info=\u00bb{}\u00bb][et_pb_column type=\u00bb1_2&#8243; _builder_version=\u00bb4.27.3&#8243; _module_preset=\u00bbdefault\u00bb global_colors_info=\u00bb{}\u00bb][et_pb_image src=\u00bbhttps:\/\/enricregull.com\/wp-content\/uploads\/2024\/11\/mapamundi-exportacio-enric-regull.svg\u00bb alt=\u00bbMapa de exportaci\u00f3n de Enric Regull\u00bb title_text=\u00bbMapa de exportaci\u00f3n de Enric Regull\u00bb _builder_version=\u00bb4.27.3&#8243; _module_preset=\u00bbdefault\u00bb transform_scale=\u00bb130%|130%\u00bb global_colors_info=\u00bb{}\u00bb][\/et_pb_image][\/et_pb_column][et_pb_column type=\u00bb1_2&#8243; _builder_version=\u00bb4.27.3&#8243; _module_preset=\u00bbdefault\u00bb global_colors_info=\u00bb{}\u00bb][\/et_pb_column][\/et_pb_row][\/et_pb_section]<\/p>\n","protected":false},"excerpt":{"rendered":"<p>M\u00e1s de un siglo avalando nuestra dedicaci\u00f3n a la producci\u00f3n de plantas de vi\u00f1a. Con seriedad y responsabilidad acompa\u00f1ado de un enfoque constante en la mejora de nuestros procesos y un trato cercano al viticultor, han hecho que Enric Regull sea hoy en d\u00eda uno de los viveros l\u00edderes en el sector, trabajando con dedicaci\u00f3n, [&hellip;]<\/p>\n","protected":false},"author":1,"featured_media":0,"parent":0,"menu_order":0,"comment_status":"closed","ping_status":"closed","template":"","meta":{"_acf_changed":false,"_et_pb_use_builder":"on","_et_pb_old_content":"","_et_gb_content_width":"","content-type":"","footnotes":""},"estil-menu":[67],"class_list":["post-10063","page","type-page","status-publish","hentry","estil-menu-menu-transparent"],"acf":[],"_links":{"self":[{"href":"https:\/\/enricregull.com\/es\/wp-json\/wp\/v2\/pages\/10063","targetHints":{"allow":["GET"]}}],"collection":[{"href":"https:\/\/enricregull.com\/es\/wp-json\/wp\/v2\/pages"}],"about":[{"href":"https:\/\/enricregull.com\/es\/wp-json\/wp\/v2\/types\/page"}],"author":[{"embeddable":true,"href":"https:\/\/enricregull.com\/es\/wp-json\/wp\/v2\/users\/1"}],"replies":[{"embeddable":true,"href":"https:\/\/enricregull.com\/es\/wp-json\/wp\/v2\/comments?post=10063"}],"version-history":[{"count":10,"href":"https:\/\/enricregull.com\/es\/wp-json\/wp\/v2\/pages\/10063\/revisions"}],"predecessor-version":[{"id":11007,"href":"https:\/\/enricregull.com\/es\/wp-json\/wp\/v2\/pages\/10063\/revisions\/11007"}],"wp:attachment":[{"href":"https:\/\/enricregull.com\/es\/wp-json\/wp\/v2\/media?parent=10063"}],"wp:term":[{"taxonomy":"estil-menu","embeddable":true,"href":"https:\/\/enricregull.com\/es\/wp-json\/wp\/v2\/estil-menu?post=10063"}],"curies":[{"name":"wp","href":"https:\/\/api.w.org\/{rel}","templated":true}]}}