{"id":10120,"date":"2024-10-21T09:11:58","date_gmt":"2024-10-21T07:11:58","guid":{"rendered":"https:\/\/enricregull.com\/accesibilidad-web\/"},"modified":"2024-12-16T11:48:14","modified_gmt":"2024-12-16T09:48:14","slug":"accesibilidad-web","status":"publish","type":"page","link":"https:\/\/enricregull.com\/es\/accesibilidad-web\/","title":{"rendered":"Accesibilidad web"},"content":{"rendered":"\n<p>Enric Regull, S.L se compromete a que el sitio web <a href=\"https:\/\/enricregull.com\/es\/\">enricregull.com<\/a> sea accesible para todos los usuarios, incluyendo a personas con discapacidades. Estamos comprometidos a garantizar que nuestro sitio web cumpla con las pautas de accesibilidad web de nivel AA de la WCAG 2.1.<\/p>\n\n<h2 class=\"wp-block-heading\">Situaci\u00f3n de cumplimiento<\/h2>\n\n<p>Las Pautas de Accesibilidad para el Contenido Web (WCAG) definen los requisitos para dise\u00f1adores y desarrolladores para mejorar la accesibilidad para personas con discapacidad. Se definen tres niveles de conformidad: Nivel A, Nivel AA y Nivel AAA. <a href=\"https:\/\/enricregull.com\/es\/\" target=\"_blank\" rel=\"noreferrer noopener\">enricregull.com<\/a> cumple parcialmente con WCAG 2.1 Nivel AA. Parcialmente conforme significa que algunas partes del contenido no cumplen completamente con el est\u00e1ndar de accesibilidad.<\/p>\n\n<h2 class=\"wp-block-heading\">Contenido no accesible<\/h2>\n\n<p>Podr\u00edan existir documentos ofim\u00e1ticos en PDF y otros formatos que no cumplan totalmente los requisitos de accesibilidad. Pueden solicitarse los documentos completamente accesibles desde el formulario de contacto.<\/p>\n\n<p>Podr\u00edan existir errores de c\u00f3digo puntuales de edici\u00f3n en alguna p\u00e1gina web.<\/p>\n\n<h2 class=\"wp-block-heading\">Feedback<\/h2>\n\n<p>Estamos comprometidos a seguir mejorando la accesibilidad de nuestro sitio web para garantizar que sea accesible a todos. Si tienes alguna pregunta o sugerencia, por favor cont\u00e1ctanos.<\/p>\n\n<p>Firma: Enric Regull, SL<br\/>Fecha: 23\/10\/2024<\/p>\n","protected":false},"excerpt":{"rendered":"<p>Enric Regull, S.L se compromete a que el sitio web enricregull.com sea accesible para todos los usuarios, incluyendo a personas con discapacidades. Estamos comprometidos a garantizar que nuestro sitio web cumpla con las pautas de accesibilidad web de nivel AA de la WCAG 2.1. Situaci\u00f3n de cumplimiento Las Pautas de Accesibilidad para el Contenido Web [&hellip;]<\/p>\n","protected":false},"author":1,"featured_media":0,"parent":0,"menu_order":0,"comment_status":"closed","ping_status":"closed","template":"","meta":{"_acf_changed":false,"_et_pb_use_builder":"off","_et_pb_old_content":"","_et_gb_content_width":"","content-type":"","footnotes":""},"estil-menu":[],"class_list":["post-10120","page","type-page","status-publish","hentry"],"acf":[],"_links":{"self":[{"href":"https:\/\/enricregull.com\/es\/wp-json\/wp\/v2\/pages\/10120","targetHints":{"allow":["GET"]}}],"collection":[{"href":"https:\/\/enricregull.com\/es\/wp-json\/wp\/v2\/pages"}],"about":[{"href":"https:\/\/enricregull.com\/es\/wp-json\/wp\/v2\/types\/page"}],"author":[{"embeddable":true,"href":"https:\/\/enricregull.com\/es\/wp-json\/wp\/v2\/users\/1"}],"replies":[{"embeddable":true,"href":"https:\/\/enricregull.com\/es\/wp-json\/wp\/v2\/comments?post=10120"}],"version-history":[{"count":1,"href":"https:\/\/enricregull.com\/es\/wp-json\/wp\/v2\/pages\/10120\/revisions"}],"predecessor-version":[{"id":10121,"href":"https:\/\/enricregull.com\/es\/wp-json\/wp\/v2\/pages\/10120\/revisions\/10121"}],"wp:attachment":[{"href":"https:\/\/enricregull.com\/es\/wp-json\/wp\/v2\/media?parent=10120"}],"wp:term":[{"taxonomy":"estil-menu","embeddable":true,"href":"https:\/\/enricregull.com\/es\/wp-json\/wp\/v2\/estil-menu?post=10120"}],"curies":[{"name":"wp","href":"https:\/\/api.w.org\/{rel}","templated":true}]}}