{"id":10135,"date":"2024-10-17T13:02:18","date_gmt":"2024-10-17T11:02:18","guid":{"rendered":"https:\/\/enricregull.com\/enric-regull\/"},"modified":"2025-12-24T10:08:23","modified_gmt":"2025-12-24T09:08:23","slug":"enric-regull","status":"publish","type":"page","link":"https:\/\/enricregull.com\/es\/enric-regull\/","title":{"rendered":"Enric Regull"},"content":{"rendered":"<p>[et_pb_section fb_built=\u00bb1&#8243; fullwidth=\u00bbon\u00bb admin_label=\u00bbSection\u00bb _builder_version=\u00bb4.27.2&#8243; _module_preset=\u00bbdefault\u00bb global_colors_info=\u00bb{}\u00bb][et_pb_fullwidth_header title=\u00bbUn Vivero moderno\u00bb subhead=\u00bbEnric Regull en la actualidad:\u00bb background_overlay_color=\u00bbRGBA(255,255,255,0)\u00bb admin_label=\u00bbFullwidth Header\u00bb _builder_version=\u00bb4.27.4&#8243; _module_preset=\u00bb6f866e43-9394-433d-b7ee-0a78f6cd77c0&#8243; use_background_color_gradient=\u00bboff\u00bb background_enable_image=\u00bboff\u00bb background_video_mp4=\u00bbhttps:\/\/enricregull.com\/wp-content\/uploads\/2025\/01\/enric-regull-720HD.mp4&#8243; background_enable_video_webm=\u00bboff\u00bb background_video_pause_outside_viewport=\u00bboff\u00bb custom_css_free_form=\u00bbselector {||  display:flex;||}||selector .et_pb_fullwidth_header_overlay {||  background-image:linear-gradient(180deg,rgba(20,30,103,0.30) 1%,rgba(20,30,103,0) 27%,rgba(20,30,103,0.30) 63%,rgba(20,30,103,0.50) 1000%)||}\u00bb global_colors_info=\u00bb{}\u00bb][\/et_pb_fullwidth_header][et_pb_fullwidth_code disabled_on=\u00bbon|on|on\u00bb admin_label=\u00bbFullwidth Code\u00bb _builder_version=\u00bb4.27.4&#8243; _module_preset=\u00bbdefault\u00bb disabled=\u00bbon\u00bb global_colors_info=\u00bb{}\u00bb]    <div id=\"video-container\"><\/div>\r\n    <script>\r\n        waitForElm('.mejs-video').then((elm) => {\r\n            let mepContainer = document.querySelector('.mejs-video');\r\n            let videoContainer = document.getElementById('video-container');\r\n            mepContainer.appendChild(videoContainer);\r\n            let iframe = document.createElement('iframe');\r\n            iframe.src = \"https:\/\/www.youtube.com\/embed\/tG3DPZSpmWU?rel=0&modestbranding=1&controls=0&iv_load_policy=3&fs=0&autoplay=1&loop=1&playlist=tG3DPZSpmWU&mute=1&start=15&end=38&vq=hd1080\";\r\n            iframe.width = \"1920\";\r\n            iframe.height = \"1080\";\r\n            iframe.setAttribute('frameborder', '0');\r\n            iframe.setAttribute('allow', 'autoplay; encrypted-media');\r\n            iframe.setAttribute('allowfullscreen', '');\r\n            videoContainer.appendChild(iframe);\r\n            document.querySelector('.mejs-video .mejs-inner').style.display = \"none\";\r\n        });\r\n\r\n        function waitForElm(selector) {\r\n            return new Promise(resolve => {\r\n                if (document.querySelector(selector)) {\r\n                    return resolve(document.querySelector(selector));\r\n                }\r\n                const observer = new MutationObserver(mutations => {\r\n                    if (document.querySelector(selector)) {\r\n                        observer.disconnect();\r\n                        resolve(document.querySelector(selector));\r\n                    }\r\n                });\r\n                observer.observe(document.body, {\r\n                    childList: true,\r\n                    subtree: true\r\n                });\r\n            });\r\n        }\r\n    <\/script>\r\n    [\/et_pb_fullwidth_code][\/et_pb_section][et_pb_section fb_built=\u00bb1&#8243; admin_label=\u00bbSection\u00bb _builder_version=\u00bb4.27.2&#8243; _module_preset=\u00bbdefault\u00bb background_color=\u00bb#DEE0EF\u00bb global_colors_info=\u00bb{}\u00bb][et_pb_row _builder_version=\u00bb4.27.2&#8243; _module_preset=\u00bbdefault\u00bb custom_padding=\u00bb||0px||false|false\u00bb global_colors_info=\u00bb{}\u00bb][et_pb_column type=\u00bb4_4&#8243; _builder_version=\u00bb4.27.2&#8243; _module_preset=\u00bbdefault\u00bb global_colors_info=\u00bb{}\u00bb][et_pb_cta title=\u00bbCentro vit\u00edcola del Pened\u00e8s, Casa Jaime Sabat\u00e9\u00bb _builder_version=\u00bb4.27.4&#8243; _module_preset=\u00bbdefault\u00bb global_colors_info=\u00bb{}\u00bb][\/et_pb_cta][\/et_pb_column][\/et_pb_row][et_pb_row column_structure=\u00bb1_2,1_2&#8243; _builder_version=\u00bb4.27.2&#8243; _module_preset=\u00bbdefault\u00bb custom_padding=\u00bb0px||||false|false\u00bb global_colors_info=\u00bb{}\u00bb][et_pb_column type=\u00bb1_2&#8243; _builder_version=\u00bb4.27.2&#8243; _module_preset=\u00bbdefault\u00bb global_colors_info=\u00bb{}\u00bb][et_pb_text _builder_version=\u00bb4.27.3&#8243; _module_preset=\u00bbdefault\u00bb global_colors_info=\u00bb{}\u00bb]<\/p>\n<p>En Enric Regull nos encontramos en constante evoluci\u00f3n para seguir ofreciendo <strong>plantas de vi\u00f1a de la m\u00e1xima calidad<\/strong>. Trabajamos con una filosof\u00eda basada en la <strong>innovaci\u00f3n<\/strong>, la <strong>proximidad con el cliente<\/strong> y la <strong>continua mejora<\/strong> de nuestros procesos. Con el Centro Vit\u00edcola del Pened\u00e8s como referencia, nos aseguramos de mantener una producci\u00f3n sostenible, con especial atenci\u00f3n a la <strong>trazabilidad<\/strong> y <strong>sanidad del material vegetal<\/strong>.<\/p>\n<p>[\/et_pb_text][\/et_pb_column][et_pb_column type=\u00bb1_2&#8243; _builder_version=\u00bb4.27.2&#8243; _module_preset=\u00bbdefault\u00bb global_colors_info=\u00bb{}\u00bb][et_pb_text _builder_version=\u00bb4.27.3&#8243; _module_preset=\u00bbdefault\u00bb global_colors_info=\u00bb{}\u00bb]<\/p>\n<p>Actualmente, injertamos m\u00e1s de <strong>2 millones de cepas anualmente<\/strong>, gracias a nuestra infraestructura que incluye centros en Catalu\u00f1a y Extremadura. Ofrecemos una <strong>amplia gama de variedades certificadas y portainjertos<\/strong>, con el objetivo de proporcionar las mejores opciones para cada viticultor y garantizar el \u00e9xito de sus plantaciones. Nuestra prioridad es ofrecer productos de calidad con un servicio cercano, asesorando t\u00e9cnicamente en todo el proceso de selecci\u00f3n, plantaci\u00f3n y manejo de la vi\u00f1a.<\/p>\n<p>[\/et_pb_text][\/et_pb_column][\/et_pb_row][\/et_pb_section][et_pb_section fb_built=\u00bb1&#8243; admin_label=\u00bbSection\u00bb _builder_version=\u00bb4.27.2&#8243; _module_preset=\u00bbdefault\u00bb global_colors_info=\u00bb{}\u00bb][et_pb_row column_structure=\u00bb1_2,1_2&#8243; _builder_version=\u00bb4.27.3&#8243; _module_preset=\u00bbdefault\u00bb custom_padding=\u00bb||5px||false|false\u00bb global_colors_info=\u00bb{}\u00bb][et_pb_column type=\u00bb1_2&#8243; _builder_version=\u00bb4.27.2&#8243; _module_preset=\u00bbdefault\u00bb global_colors_info=\u00bb{}\u00bb][et_pb_cta title=\u00bbNuestra Historia\u00bb _builder_version=\u00bb4.27.3&#8243; _module_preset=\u00bb43bcc600-21f1-4b0e-88df-67e6b19a8b96&#8243; global_colors_info=\u00bb{}\u00bb]<\/p>\n<h3>M\u00e1s de 100 a\u00f1os de experiencia en el mundo de plantas de vi\u00f1a<\/h3>\n<p>[\/et_pb_cta][\/et_pb_column][et_pb_column type=\u00bb1_2&#8243; _builder_version=\u00bb4.27.2&#8243; _module_preset=\u00bbdefault\u00bb custom_padding=\u00bb0px||0px||false|false\u00bb global_colors_info=\u00bb{}\u00bb][\/et_pb_column][\/et_pb_row][et_pb_row column_structure=\u00bb1_2,1_2&#8243; make_equal=\u00bbon\u00bb _builder_version=\u00bb4.27.3&#8243; _module_preset=\u00bbdefault\u00bb custom_padding=\u00bb0px||||false|false\u00bb custom_css_main_element=\u00bbalign-items:center;\u00bb global_colors_info=\u00bb{}\u00bb][et_pb_column type=\u00bb1_2&#8243; _builder_version=\u00bb4.27.2&#8243; _module_preset=\u00bbdefault\u00bb global_colors_info=\u00bb{}\u00bb][et_pb_image src=\u00bbhttps:\/\/enricregull.com\/wp-content\/uploads\/2024\/12\/taller-centre-viticola-penedes.enric-regull.jpg\u00bb alt=\u00bbTaller en el centro viticola en el Pened\u00e8s &#8211; Enric Regull\u00bb title_text=\u00bbTaller en el centro viticola en el Pened\u00e8s &#8211; Enric Regull\u00bb _builder_version=\u00bb4.27.4&#8243; _module_preset=\u00bbdefault\u00bb box_shadow_style=\u00bbpreset1&#8243; box_shadow_color=\u00bbrgba(0,0,0,0.1)\u00bb global_colors_info=\u00bb{}\u00bb][\/et_pb_image][\/et_pb_column][et_pb_column type=\u00bb1_2&#8243; _builder_version=\u00bb4.27.2&#8243; _module_preset=\u00bbdefault\u00bb global_colors_info=\u00bb{}\u00bb][et_pb_cta title=\u00bbFundaci\u00f3n del Centro vit\u00edcola del Pened\u00e8s, Casa Jaime Sabat\u00e9\u00bb button_text=\u00bbClick Here\u00bb _builder_version=\u00bb4.27.4&#8243; _module_preset=\u00bbdefault\u00bb header_level=\u00bbh3&#8243; global_colors_info=\u00bb{}\u00bb]<\/p>\n<p>En <strong>1887<\/strong>, cuando se detectaron los primeros s\u00edntomas de la aparici\u00f3n de la filoxera en el Pened\u00e8s, <strong>Jaime Sabat\u00e9 Herms (1859-1929)<\/strong> inici\u00f3 los contactos con los sectores franceses afectados por la plaga para estudiar la mejor soluci\u00f3n para afrontar ese desastre. Decidi\u00f3 apostar por la <strong>replantaci\u00f3n con cepas americanas<\/strong>, introduciendo r\u00e1pidamente en nuestro pa\u00eds las variedades disponibles en ese momento para iniciar la recuperaci\u00f3n de las vi\u00f1as.<\/p>\n<p>[\/et_pb_cta][\/et_pb_column][\/et_pb_row][et_pb_row column_structure=\u00bb1_2,1_2&#8243; make_equal=\u00bbon\u00bb _builder_version=\u00bb4.27.3&#8243; _module_preset=\u00bbdefault\u00bb custom_css_main_element=\u00bbalign-items:center;\u00bb global_colors_info=\u00bb{}\u00bb][et_pb_column type=\u00bb1_2&#8243; _builder_version=\u00bb4.27.2&#8243; _module_preset=\u00bbdefault\u00bb global_colors_info=\u00bb{}\u00bb][et_pb_cta title=\u00bbVisita del Rey Alfonso XIII y cambio generacional\u00bb button_text=\u00bbClick Here\u00bb _builder_version=\u00bb4.27.3&#8243; _module_preset=\u00bbdefault\u00bb header_level=\u00bbh3&#8243; global_colors_info=\u00bb{}\u00bb]En <strong>1889<\/strong> se inici\u00f3 la venta de los portainjertos y se establecieron <strong>viveros en diferentes comarcas<\/strong>, introduci\u00e9ndose en la t\u00e9cnica del injerto de mesa, que lleg\u00f3 a dominar. En <strong>1904<\/strong>, S.M. el rey D. Alfonso XIII visit\u00f3 sus instalaciones en el taller de injertar, reconoci\u00e9ndolas como una de las primeras industrias vitivin\u00edcolas de la zona.<\/p>\n<p>Durante d\u00e9cadas, los cultivos se ampliaron, introduci\u00e9ndose <strong>nuevas variedades<\/strong> que ofrec\u00edan mejores resultados de arraigo, adaptaci\u00f3n a los distintos terrenos y afinidad con las vin\u00edferas. <strong>Pere Regull Pag\u00e9s (1892-1971)<\/strong>, antiguo socio de Jaime Sabat\u00e9 en la exportaci\u00f3n de vinos y otros productos de la tierra, continu\u00f3 con las labores directivas del centro desde <strong>1929<\/strong>, momento en que Jaime Sabat\u00e9 se retir\u00f3 de la vida laboral activa.[\/et_pb_cta][\/et_pb_column][et_pb_column type=\u00bb1_2&#8243; _builder_version=\u00bb4.27.2&#8243; _module_preset=\u00bbdefault\u00bb global_colors_info=\u00bb{}\u00bb][et_pb_image src=\u00bbhttps:\/\/enricregull.com\/wp-content\/uploads\/2024\/12\/taller-centre-viticola-penedes-enric-regull-2.png\u00bb alt=\u00bbTaller en el centro viticola en el Pened\u00e8s &#8211; Enric Regull\u00bb title_text=\u00bbTaller en el centro viticola en el Pened\u00e8s &#8211; Enric Regull\u00bb _builder_version=\u00bb4.27.4&#8243; _module_preset=\u00bbdefault\u00bb box_shadow_style=\u00bbpreset1&#8243; box_shadow_color=\u00bbrgba(0,0,0,0.1)\u00bb global_colors_info=\u00bb{}\u00bb][\/et_pb_image][\/et_pb_column][\/et_pb_row][\/et_pb_section][et_pb_section fb_built=\u00bb1&#8243; _builder_version=\u00bb4.27.4&#8243; _module_preset=\u00bbdefault\u00bb background_color=\u00bb#DEE0EF\u00bb global_colors_info=\u00bb{}\u00bb][et_pb_row column_structure=\u00bb1_2,1_2&#8243; make_equal=\u00bbon\u00bb _builder_version=\u00bb4.27.3&#8243; _module_preset=\u00bbdefault\u00bb custom_css_main_element=\u00bbalign-items:center;\u00bb global_colors_info=\u00bb{}\u00bb][et_pb_column type=\u00bb1_2&#8243; _builder_version=\u00bb4.27.2&#8243; _module_preset=\u00bbdefault\u00bb global_colors_info=\u00bb{}\u00bb][et_pb_cta title=\u00bbExpansi\u00f3n e innovaci\u00f3n\u00bb _builder_version=\u00bb4.27.4&#8243; _module_preset=\u00bb43bcc600-21f1-4b0e-88df-67e6b19a8b96&#8243; global_colors_info=\u00bb{}\u00bb]<\/p>\n<h3>Las primeras plantaciones de material base<\/h3>\n<p><strong>Enric Regull Llorach (1928)<\/strong> inici\u00f3 las primeras plantaciones de <strong>MATERIAL BASE <\/strong>en <strong>1979<\/strong>, sustituyendo a los patrones anteriores por otros con mejores propiedades.<\/p>\n<p>Estos<strong> clones<\/strong> fueron obtenidos en los principales centros de investigaci\u00f3n de Francia, Estados Unidos y Espa\u00f1a, siempre con el objetivo de mejorar la calidad y el rendimiento.<\/p>\n<p>Actualmente, el <strong>director general es Enric Regull Riba (1963)<\/strong>. En <strong>2001<\/strong>, con el objetivo de aumentar la producci\u00f3n, decidi\u00f3 expandirse a <strong>Extremadura<\/strong> para tratar de hacer viveros de plantas de<br \/>vi\u00f1a en aquella zona. Un a\u00f1o m\u00e1s tarde, viendo los buenos resultados, decidi\u00f3 construir una nave y establecer all\u00ed parte de la actividad productiva.[\/et_pb_cta][\/et_pb_column][et_pb_column type=\u00bb1_2&#8243; _builder_version=\u00bb4.27.2&#8243; _module_preset=\u00bbdefault\u00bb global_colors_info=\u00bb{}\u00bb][et_pb_image src=\u00bbhttps:\/\/enricregull.com\/wp-content\/uploads\/2024\/12\/primeres-plantacions-material-base-enric-regull.jpg\u00bb alt=\u00bbPrimeras plantaciones de material base &#8211; Enric Regull\u00bb title_text=\u00bbPrimeras plantaciones de material base &#8211; Enric Regull\u00bb _builder_version=\u00bb4.27.4&#8243; _module_preset=\u00bbdefault\u00bb global_colors_info=\u00bb{}\u00bb][\/et_pb_image][\/et_pb_column][\/et_pb_row][et_pb_row column_structure=\u00bb1_2,1_2&#8243; make_equal=\u00bbon\u00bb module_class=\u00bbreverse\u00bb _builder_version=\u00bb4.27.3&#8243; _module_preset=\u00bbdefault\u00bb custom_padding=\u00bb||||false|false\u00bb custom_css_main_element=\u00bbalign-items:center;\u00bb global_colors_info=\u00bb{}\u00bb][et_pb_column type=\u00bb1_2&#8243; _builder_version=\u00bb4.27.2&#8243; _module_preset=\u00bbdefault\u00bb global_colors_info=\u00bb{}\u00bb][et_pb_image src=\u00bbhttps:\/\/enricregull.com\/wp-content\/uploads\/2024\/10\/enric-regull-expansio-extremadura.jpg\u00bb alt=\u00bbEnric Regull Expansi\u00f3n en Extremadura\u00bb title_text=\u00bbEnric Regull Expansi\u00f3n en Extremadura\u00bb _builder_version=\u00bb4.27.2&#8243; _module_preset=\u00bbdefault\u00bb global_colors_info=\u00bb{}\u00bb][\/et_pb_image][\/et_pb_column][et_pb_column type=\u00bb1_2&#8243; _builder_version=\u00bb4.27.2&#8243; _module_preset=\u00bbdefault\u00bb global_colors_info=\u00bb{}\u00bb][et_pb_cta title=\u00bbExpansi\u00f3n en Extremadura y 135 a\u00f1os de experiencia\u00bb button_text=\u00bbClick Here\u00bb _builder_version=\u00bb4.27.4&#8243; _module_preset=\u00bbdefault\u00bb header_level=\u00bbh3&#8243; global_colors_info=\u00bb{}\u00bb]Con <strong>seis generaciones<\/strong> dedicadas a la selecci\u00f3n y multiplicaci\u00f3n de la vi\u00f1a, y <strong>135 a\u00f1os de experiencia<\/strong>, en Enric Regull hemos estado siempre a la vanguardia, introduciendo innovaciones para producir <strong>plantas de la m\u00e1s alta calidad<\/strong> y as\u00ed garantizar la satisfacci\u00f3n de nuestros clientes.<\/p>\n<p>Con una apuesta decidida por la innovaci\u00f3n, hemos incorporado la m\u00e1quina de Termoterapia, el sistema m\u00e1s avanzado para la erradicaci\u00f3n y control de enfermedades f\u00fangicas y par\u00e1sitos en plantas de vid. Esta tecnolog\u00eda, junto con maquinaria de lavado que garantiza cepas m\u00e1s hidratadas y limpias, nos permite ofrecer plantas de excelente calidad sanitaria. Adem\u00e1s, seguimos ampliando nuestra gama con nuevas variedades y clones, destacando especialmente las cepas con marca registrada CVP80, una muestra m\u00e1s de nuestro compromiso con la excelencia y el progreso en el sector.[\/et_pb_cta][\/et_pb_column][\/et_pb_row][\/et_pb_section][et_pb_section fb_built=\u00bb1&#8243; _builder_version=\u00bb4.27.3&#8243; _module_preset=\u00bbdefault\u00bb global_colors_info=\u00bb{}\u00bb][et_pb_row column_structure=\u00bb1_2,1_4,1_4&#8243; _builder_version=\u00bb4.27.3&#8243; _module_preset=\u00bbdefault\u00bb custom_padding=\u00bb||||false|false\u00bb global_colors_info=\u00bb{}\u00bb][et_pb_column type=\u00bb1_2&#8243; _builder_version=\u00bb4.27.3&#8243; _module_preset=\u00bbdefault\u00bb global_colors_info=\u00bb{}\u00bb][et_pb_cta title=\u00bbNuestro equipo t\u00e9cnico\u00bb button_url=\u00bbhttps:\/\/enricregull.com\/es\/contacto\/\u00bb button_text=\u00bbContacta con nosotros\u00bb _builder_version=\u00bb4.27.3&#8243; _module_preset=\u00bb43bcc600-21f1-4b0e-88df-67e6b19a8b96&#8243; header_level=\u00bbh3&#8243; global_colors_info=\u00bb{}\u00bb]<\/p>\n<h3>Tu aliado para tu plantaci\u00f3n vit\u00edcola<\/h3>\n<p>Te ofrecemos asesoramiento experto sobre las mejores pr\u00e1cticas de plantaci\u00f3n, las variedades de vi\u00f1a m\u00e1s adecuadas y los portainjertos recomendados para cada tipo de suelo y clima. Nuestro conocimiento incluye tanto las variedades locales como las for\u00e1neas, evaluando continuamente su adaptaci\u00f3n a las condiciones edafoclim\u00e1ticas de cada regi\u00f3n.<\/p>\n<p>Nos apasiona lo que hacemos y estamos aqu\u00ed para acompa\u00f1arte en cada paso de tu proyecto vit\u00edcola, con profesionalidad, cercan\u00eda y un enfoque personalizado para conseguir tus objetivos.<\/p>\n<p>[\/et_pb_cta][\/et_pb_column][et_pb_column type=\u00bb1_4&#8243; _builder_version=\u00bb4.27.3&#8243; _module_preset=\u00bbdefault\u00bb global_colors_info=\u00bb{}\u00bb][et_pb_team_member name=\u00bbPol Regull Mata\u00bb position=\u00bbExperto viverista y t\u00e9cnico Vit\u00edcola\u00bb image_url=\u00bbhttps:\/\/enricregull.com\/wp-content\/uploads\/2024\/11\/Pol_Regull.jpg\u00bb _builder_version=\u00bb4.27.3&#8243; _module_preset=\u00bbdefault\u00bb global_colors_info=\u00bb{}\u00bb][\/et_pb_team_member][\/et_pb_column][et_pb_column type=\u00bb1_4&#8243; _builder_version=\u00bb4.27.3&#8243; _module_preset=\u00bbdefault\u00bb global_colors_info=\u00bb{}\u00bb][et_pb_team_member name=\u00bbEnric Regull Mata\u00bb position=\u00bbExperto viverista y t\u00e9cnico Vit\u00edcola\u00bb image_url=\u00bbhttps:\/\/enricregull.com\/wp-content\/uploads\/2024\/11\/Enric_Regull.jpg\u00bb _builder_version=\u00bb4.27.3&#8243; _module_preset=\u00bbdefault\u00bb global_colors_info=\u00bb{}\u00bb][\/et_pb_team_member][\/et_pb_column][\/et_pb_row][\/et_pb_section][et_pb_section fb_built=\u00bb1&#8243; _builder_version=\u00bb4.27.3&#8243; _module_preset=\u00bbdefault\u00bb background_color=\u00bb#141E67&#8243; global_colors_info=\u00bb{}\u00bb][et_pb_row column_structure=\u00bb1_4,1_2,1_4&#8243; _builder_version=\u00bb4.27.3&#8243; _module_preset=\u00bbdefault\u00bb global_colors_info=\u00bb{}\u00bb][et_pb_column type=\u00bb1_4&#8243; _builder_version=\u00bb4.27.3&#8243; _module_preset=\u00bbdefault\u00bb global_colors_info=\u00bb{}\u00bb][\/et_pb_column][et_pb_column type=\u00bb1_2&#8243; _builder_version=\u00bb4.27.3&#8243; _module_preset=\u00bbdefault\u00bb global_colors_info=\u00bb{}\u00bb][et_pb_cta title=\u00bbEncuentra la planta de vi\u00f1a ideal para tu plantaci\u00f3n\u00bb button_url=\u00bb@ET-DC@eyJkeW5hbWljIjp0cnVlLCJjb250ZW50IjoicG9zdF9saW5rX3VybF9wYWdlIiwic2V0dGluZ3MiOnsicG9zdF9pZCI6IjY0OSIsImVuYWJsZV9odG1sIjoib2ZmIn19@\u00bb button_text=\u00bbConsulta nuestra oferta de plantas de vi\u00f1a\u00bb _builder_version=\u00bb4.27.4&#8243; _module_preset=\u00bbdefault\u00bb text_orientation=\u00bbcenter\u00bb background_layout=\u00bbdark\u00bb hover_enabled=\u00bb0&#8243; global_colors_info=\u00bb{}\u00bb _dynamic_attributes=\u00bbbutton_url\u00bb sticky_enabled=\u00bb0&#8243;]<\/p>\n<p>Explora nuestra amplia gama de plantas de vi\u00f1a y portainjertos de m\u00e1xima calidad, dise\u00f1ados para adaptarse a las necesidades espec\u00edficas de cada viticultor. Con m\u00e1s de 135 a\u00f1os de experiencia, te ofrecemos la mejor selecci\u00f3n para garantizar una plantaci\u00f3n exitosa y rentable.<\/p>\n<p>[\/et_pb_cta][\/et_pb_column][et_pb_column type=\u00bb1_4&#8243; _builder_version=\u00bb4.27.3&#8243; _module_preset=\u00bbdefault\u00bb global_colors_info=\u00bb{}\u00bb][\/et_pb_column][\/et_pb_row][\/et_pb_section]<\/p>\n","protected":false},"excerpt":{"rendered":"<p>    <div id=\"video-container\"><\/div>\r\n    <script>\r\n        waitForElm('.mejs-video').then((elm) => {\r\n            let mepContainer = document.querySelector('.mejs-video');\r\n            let videoContainer = document.getElementById('video-container');\r\n            mepContainer.appendChild(videoContainer);\r\n            let iframe = document.createElement('iframe');\r\n            iframe.src = \"https:\/\/www.youtube.com\/embed\/tG3DPZSpmWU?rel=0&modestbranding=1&controls=0&iv_load_policy=3&fs=0&autoplay=1&loop=1&playlist=tG3DPZSpmWU&mute=1&start=15&end=38&vq=hd1080\";\r\n            iframe.width = \"1920\";\r\n            iframe.height = \"1080\";\r\n            iframe.setAttribute('frameborder', '0');\r\n            iframe.setAttribute('allow', 'autoplay; encrypted-media');\r\n            iframe.setAttribute('allowfullscreen', '');\r\n            videoContainer.appendChild(iframe);\r\n            document.querySelector('.mejs-video .mejs-inner').style.display = \"none\";\r\n        });\r\n\r\n        function waitForElm(selector) {\r\n            return new Promise(resolve => {\r\n                if (document.querySelector(selector)) {\r\n                    return resolve(document.querySelector(selector));\r\n                }\r\n                const observer = new MutationObserver(mutations => {\r\n                    if (document.querySelector(selector)) {\r\n                        observer.disconnect();\r\n                        resolve(document.querySelector(selector));\r\n                    }\r\n                });\r\n                observer.observe(document.body, {\r\n                    childList: true,\r\n                    subtree: true\r\n                });\r\n            });\r\n        }\r\n    <\/script>\r\n    En Enric Regull nos encontramos en constante evoluci\u00f3n para seguir ofreciendo plantas de vi\u00f1a de la m\u00e1xima calidad. Trabajamos con una filosof\u00eda basada en la innovaci\u00f3n, la proximidad con el cliente y la continua mejora de nuestros procesos. Con el Centro Vit\u00edcola del Pened\u00e8s como referencia, nos aseguramos de mantener una producci\u00f3n sostenible, con [&hellip;]<\/p>\n","protected":false},"author":1,"featured_media":0,"parent":0,"menu_order":0,"comment_status":"closed","ping_status":"closed","template":"","meta":{"_acf_changed":false,"_et_pb_use_builder":"on","_et_pb_old_content":"","_et_gb_content_width":"","content-type":"","footnotes":""},"estil-menu":[67],"class_list":["post-10135","page","type-page","status-publish","hentry","estil-menu-menu-transparent"],"acf":[],"_links":{"self":[{"href":"https:\/\/enricregull.com\/es\/wp-json\/wp\/v2\/pages\/10135","targetHints":{"allow":["GET"]}}],"collection":[{"href":"https:\/\/enricregull.com\/es\/wp-json\/wp\/v2\/pages"}],"about":[{"href":"https:\/\/enricregull.com\/es\/wp-json\/wp\/v2\/types\/page"}],"author":[{"embeddable":true,"href":"https:\/\/enricregull.com\/es\/wp-json\/wp\/v2\/users\/1"}],"replies":[{"embeddable":true,"href":"https:\/\/enricregull.com\/es\/wp-json\/wp\/v2\/comments?post=10135"}],"version-history":[{"count":10,"href":"https:\/\/enricregull.com\/es\/wp-json\/wp\/v2\/pages\/10135\/revisions"}],"predecessor-version":[{"id":11010,"href":"https:\/\/enricregull.com\/es\/wp-json\/wp\/v2\/pages\/10135\/revisions\/11010"}],"wp:attachment":[{"href":"https:\/\/enricregull.com\/es\/wp-json\/wp\/v2\/media?parent=10135"}],"wp:term":[{"taxonomy":"estil-menu","embeddable":true,"href":"https:\/\/enricregull.com\/es\/wp-json\/wp\/v2\/estil-menu?post=10135"}],"curies":[{"name":"wp","href":"https:\/\/api.w.org\/{rel}","templated":true}]}}