{"id":10138,"date":"2024-11-14T13:49:32","date_gmt":"2024-11-14T11:49:32","guid":{"rendered":"https:\/\/enricregull.com\/exportacion\/"},"modified":"2025-01-16T16:50:56","modified_gmt":"2025-01-16T15:50:56","slug":"exportacion","status":"publish","type":"page","link":"https:\/\/enricregull.com\/es\/exportacion\/","title":{"rendered":"Exportaci\u00f3n"},"content":{"rendered":"<p>[et_pb_section fb_built=\u00bb1&#8243; fullwidth=\u00bbon\u00bb _builder_version=\u00bb4.27.3&#8243; _module_preset=\u00bbdefault\u00bb global_colors_info=\u00bb{}\u00bb][et_pb_fullwidth_header title=\u00bbAcompa\u00f1amiento a la exportaci\u00f3n\u00bb subhead=\u00bbExportaci\u00f3n dentro y fuera de la UE\u00bb header_fullscreen=\u00bboff\u00bb _builder_version=\u00bb4.27.3&#8243; _module_preset=\u00bbdefault\u00bb title_text_color=\u00bb#141E67&#8243; content_text_color=\u00bb#00052C\u00bb subhead_text_color=\u00bb#00B964&#8243; use_background_color_gradient=\u00bboff\u00bb background_enable_image=\u00bboff\u00bb custom_padding=\u00bb||0px||false|false\u00bb hover_enabled=\u00bb0&#8243; global_colors_info=\u00bb{}\u00bb sticky_enabled=\u00bb0&#8243;]<\/p>\n<p>Con m\u00e1s de 25 a\u00f1os de experiencia exportando a Pa\u00edses como Portugal, Francia, Italia y en diferentes nuevas regiones pr\u00f3speras vit\u00edcolas m\u00e1s lejanas, hacen que Enric Regull sea un referente en el sector en el env\u00edo de plantas de vi\u00f1a v\u00eda a\u00e9rea, mar\u00edtima y terrestre . Esto completando la gesti\u00f3n documentaria y asegurando una log\u00edstica de las plantas donde se mantenga la cadena de fr\u00edo, humedad y frescura desde nuestras c\u00e1maras frigor\u00edficas hasta el cliente final. De esta forma nos aseguramos que las plantas las entregamos con la m\u00e1xima frescura y con todas las reservas.<\/p>\n<p>[\/et_pb_fullwidth_header][\/et_pb_section][et_pb_section fb_built=\u00bb1&#8243; _builder_version=\u00bb4.27.3&#8243; _module_preset=\u00bbdefault\u00bb global_colors_info=\u00bb{}\u00bb][et_pb_row _builder_version=\u00bb4.27.3&#8243; _module_preset=\u00bbdefault\u00bb hover_enabled=\u00bb0&#8243; global_colors_info=\u00bb{}\u00bb width=\u00bb100%\u00bb max_width=\u00bb100%\u00bb sticky_enabled=\u00bb0&#8243; custom_padding=\u00bb0px|||||\u00bb][et_pb_column type=\u00bb4_4&#8243; _builder_version=\u00bb4.27.3&#8243; _module_preset=\u00bbdefault\u00bb global_colors_info=\u00bb{}\u00bb][et_pb_image src=\u00bbhttps:\/\/enricregull.com\/wp-content\/uploads\/2024\/11\/mapamundi-exportacio-enric-regull.svg\u00bb alt=\u00bbMapa de exportaci\u00f3n de Enric Regull\u00bb title_text=\u00bbMapa de exportaci\u00f3n de Enric Regull\u00bb _builder_version=\u00bb4.27.3&#8243; _module_preset=\u00bbdefault\u00bb hover_enabled=\u00bb0&#8243; global_colors_info=\u00bb{}\u00bb sticky_enabled=\u00bb0&#8243; force_fullwidth=\u00bbon\u00bb custom_css_free_form=\u00bbselector img{||  width:100%!important;||}\u00bb][\/et_pb_image][\/et_pb_column][\/et_pb_row][\/et_pb_section]<\/p>\n","protected":false},"excerpt":{"rendered":"<p>Con m\u00e1s de 25 a\u00f1os de experiencia exportando a Pa\u00edses como Portugal, Francia, Italia y en diferentes nuevas regiones pr\u00f3speras vit\u00edcolas m\u00e1s lejanas, hacen que Enric Regull sea un referente en el sector en el env\u00edo de plantas de vi\u00f1a v\u00eda a\u00e9rea, mar\u00edtima y terrestre . Esto completando la gesti\u00f3n documentaria y asegurando una log\u00edstica [&hellip;]<\/p>\n","protected":false},"author":1,"featured_media":0,"parent":0,"menu_order":0,"comment_status":"closed","ping_status":"closed","template":"","meta":{"_acf_changed":false,"_et_pb_use_builder":"on","_et_pb_old_content":"","_et_gb_content_width":"","content-type":"","footnotes":""},"estil-menu":[68],"class_list":["post-10138","page","type-page","status-publish","hentry","estil-menu-menu-normal"],"acf":[],"_links":{"self":[{"href":"https:\/\/enricregull.com\/es\/wp-json\/wp\/v2\/pages\/10138","targetHints":{"allow":["GET"]}}],"collection":[{"href":"https:\/\/enricregull.com\/es\/wp-json\/wp\/v2\/pages"}],"about":[{"href":"https:\/\/enricregull.com\/es\/wp-json\/wp\/v2\/types\/page"}],"author":[{"embeddable":true,"href":"https:\/\/enricregull.com\/es\/wp-json\/wp\/v2\/users\/1"}],"replies":[{"embeddable":true,"href":"https:\/\/enricregull.com\/es\/wp-json\/wp\/v2\/comments?post=10138"}],"version-history":[{"count":7,"href":"https:\/\/enricregull.com\/es\/wp-json\/wp\/v2\/pages\/10138\/revisions"}],"predecessor-version":[{"id":10590,"href":"https:\/\/enricregull.com\/es\/wp-json\/wp\/v2\/pages\/10138\/revisions\/10590"}],"wp:attachment":[{"href":"https:\/\/enricregull.com\/es\/wp-json\/wp\/v2\/media?parent=10138"}],"wp:term":[{"taxonomy":"estil-menu","embeddable":true,"href":"https:\/\/enricregull.com\/es\/wp-json\/wp\/v2\/estil-menu?post=10138"}],"curies":[{"name":"wp","href":"https:\/\/api.w.org\/{rel}","templated":true}]}}